{"id":17,"date":"2025-08-01T09:36:19","date_gmt":"2025-08-01T09:36:19","guid":{"rendered":"http:\/\/laviniabeautyhouse.com\/?page_id=17"},"modified":"2025-08-02T06:34:23","modified_gmt":"2025-08-02T06:34:23","slug":"body-hair-treatments","status":"publish","type":"page","link":"https:\/\/laviniabeautyhouse.com\/index.php\/body-hair-treatments\/","title":{"rendered":"Body &amp; Hair Treatments"},"content":{"rendered":"\n<p class=\"has-text-align-center\"><strong>Perawatan Lengkap Tubuh &amp; Rambut<\/strong> <strong>dengan produk Premium<\/strong><\/p>\n\n\n\n<p class=\"has-text-align-center\">Di <strong>Lavinia Beauty House<\/strong>, kami menghadirkan <strong>ritual kecantikan menyeluruh<\/strong> yang memadukan standar tinggi Perancis dengan perawatan tradisional yang menenangkan. Dari ujung rambut hingga ujung kaki, tim ahli kami siap memanjakan Anda dengan pengalaman relaksasi eksklusif.<\/p>\n\n\n\n<p class=\"has-text-align-center\">\u2728 <strong>Perawatan Wajah Premium<\/strong><\/p>\n\n\n\n<ul class=\"wp-block-list\">\n<li><strong>Basic Facial <\/strong>: Facial dengan massage wajah<\/li>\n\n\n\n<li><strong>Royal Glow <\/strong>: Totok wajah dengan facial ditambah dengan greentea mask atau clay<\/li>\n<\/ul>\n\n\n<div class=\"wp-block-image\">\n<figure class=\"aligncenter size-large\"><img loading=\"lazy\" decoding=\"async\" width=\"1024\" height=\"1024\" src=\"http:\/\/laviniabeautyhouse.com\/wp-content\/uploads\/2025\/08\/facial-1024x1024.jpg\" alt=\"\" class=\"wp-image-111\" srcset=\"https:\/\/laviniabeautyhouse.com\/wp-content\/uploads\/2025\/08\/facial-1024x1024.jpg 1024w, https:\/\/laviniabeautyhouse.com\/wp-content\/uploads\/2025\/08\/facial-300x300.jpg 300w, https:\/\/laviniabeautyhouse.com\/wp-content\/uploads\/2025\/08\/facial-150x150.jpg 150w, https:\/\/laviniabeautyhouse.com\/wp-content\/uploads\/2025\/08\/facial-768x768.jpg 768w, https:\/\/laviniabeautyhouse.com\/wp-content\/uploads\/2025\/08\/facial.jpg 1080w\" sizes=\"auto, (max-width: 1024px) 100vw, 1024px\" \/><\/figure>\n<\/div>\n\n\n<p class=\"has-text-align-center\">\ud83d\udc86 <strong>Perawatan Rambut Royal<\/strong><\/p>\n\n\n\n<ul class=\"wp-block-list\">\n<li><strong>Creambath S\u00e9r\u00e9nit\u00e9<\/strong>: Makarizo\/CBD, Free Vitamin\/Serum, Massage pundak &amp; lengan<\/li>\n\n\n\n<li><strong><strong>Creambath<\/strong><\/strong> <strong>Zen Essentiel: <\/strong>L&#8217;Or\u00e9al\/Matrix, Free Vitamin\/Serum, Massage pundak &amp; lengan<\/li>\n\n\n\n<li>optional catok atau blow<\/li>\n<\/ul>\n\n\n<div class=\"wp-block-image\">\n<figure class=\"aligncenter size-large\"><img loading=\"lazy\" decoding=\"async\" width=\"1024\" height=\"1024\" src=\"http:\/\/laviniabeautyhouse.com\/wp-content\/uploads\/2025\/08\/Creambath-1024x1024.jpg\" alt=\"\" class=\"wp-image-103\" srcset=\"https:\/\/laviniabeautyhouse.com\/wp-content\/uploads\/2025\/08\/Creambath-1024x1024.jpg 1024w, https:\/\/laviniabeautyhouse.com\/wp-content\/uploads\/2025\/08\/Creambath-300x300.jpg 300w, https:\/\/laviniabeautyhouse.com\/wp-content\/uploads\/2025\/08\/Creambath-150x150.jpg 150w, https:\/\/laviniabeautyhouse.com\/wp-content\/uploads\/2025\/08\/Creambath-768x768.jpg 768w, https:\/\/laviniabeautyhouse.com\/wp-content\/uploads\/2025\/08\/Creambath.jpg 1080w\" sizes=\"auto, (max-width: 1024px) 100vw, 1024px\" \/><\/figure>\n<\/div>\n\n\n<p class=\"has-text-align-center\">\u270b <strong>Manicure &amp; Pedicure Spa<\/strong><\/p>\n\n\n\n<ul class=\"wp-block-list\">\n<li><strong>Manicure &#8216;Eclat des Mains&#8217;: <\/strong>Hand bath dengan massage dan scrub untuk kelembutan tangan dan relaksasi<\/li>\n\n\n\n<li><strong>Pedicure <strong>&#8216;Eclat des Pieds&#8217;:<\/strong> : <\/strong>Foot bath dengan massage dan scrub untuk kelembutan tangan dan relaksasi<\/li>\n\n\n\n<li><strong>Callus Expert<\/strong>: Penghilangan kulit kaki kasar secara profesional<\/li>\n<\/ul>\n\n\n<div class=\"wp-block-image\">\n<figure class=\"aligncenter size-large\"><img loading=\"lazy\" decoding=\"async\" width=\"1024\" height=\"1024\" src=\"http:\/\/laviniabeautyhouse.com\/wp-content\/uploads\/2025\/08\/Pieds-1024x1024.jpg\" alt=\"\" class=\"wp-image-106\" srcset=\"https:\/\/laviniabeautyhouse.com\/wp-content\/uploads\/2025\/08\/Pieds-1024x1024.jpg 1024w, https:\/\/laviniabeautyhouse.com\/wp-content\/uploads\/2025\/08\/Pieds-300x300.jpg 300w, https:\/\/laviniabeautyhouse.com\/wp-content\/uploads\/2025\/08\/Pieds-150x150.jpg 150w, https:\/\/laviniabeautyhouse.com\/wp-content\/uploads\/2025\/08\/Pieds-768x768.jpg 768w, https:\/\/laviniabeautyhouse.com\/wp-content\/uploads\/2025\/08\/Pieds.jpg 1080w\" sizes=\"auto, (max-width: 1024px) 100vw, 1024px\" \/><\/figure>\n<\/div>\n\n\n<p class=\"has-text-align-center\">\ud83d\udc86 <strong>Massage Terapi<\/strong><\/p>\n\n\n\n<ul class=\"wp-block-list\">\n<li><strong>Full Body Massage<\/strong> 60 atau 90 menit dengan <strong>Free<\/strong> <strong>Aromatherapy<\/strong><\/li>\n\n\n\n<li><strong>Full Body Massage<\/strong> <strong>&#8216;Noblesse&#8217;:<\/strong> dengan lulur untuk melembutkan kulit dengan <strong>Free<\/strong> <strong>Aromatherapy<\/strong><\/li>\n<\/ul>\n\n\n<div class=\"wp-block-image\">\n<figure class=\"aligncenter size-large\"><img loading=\"lazy\" decoding=\"async\" width=\"1024\" height=\"1024\" src=\"http:\/\/laviniabeautyhouse.com\/wp-content\/uploads\/2025\/08\/massage-1024x1024.jpg\" alt=\"\" class=\"wp-image-108\" srcset=\"https:\/\/laviniabeautyhouse.com\/wp-content\/uploads\/2025\/08\/massage-1024x1024.jpg 1024w, https:\/\/laviniabeautyhouse.com\/wp-content\/uploads\/2025\/08\/massage-300x300.jpg 300w, https:\/\/laviniabeautyhouse.com\/wp-content\/uploads\/2025\/08\/massage-150x150.jpg 150w, https:\/\/laviniabeautyhouse.com\/wp-content\/uploads\/2025\/08\/massage-768x768.jpg 768w, https:\/\/laviniabeautyhouse.com\/wp-content\/uploads\/2025\/08\/massage.jpg 1080w\" sizes=\"auto, (max-width: 1024px) 100vw, 1024px\" \/><\/figure>\n<\/div>\n\n\n<p><\/p>\n","protected":false},"excerpt":{"rendered":"<p>Perawatan Lengkap Tubuh &amp; Rambut dengan produk Premium Di Lavinia Beauty House, kami menghadirkan ritual &hellip; <\/p>\n","protected":false},"author":1,"featured_media":0,"parent":0,"menu_order":0,"comment_status":"closed","ping_status":"closed","template":"","meta":{"footnotes":""},"class_list":["post-17","page","type-page","status-publish","hentry","latest_post"],"_links":{"self":[{"href":"https:\/\/laviniabeautyhouse.com\/index.php\/wp-json\/wp\/v2\/pages\/17","targetHints":{"allow":["GET"]}}],"collection":[{"href":"https:\/\/laviniabeautyhouse.com\/index.php\/wp-json\/wp\/v2\/pages"}],"about":[{"href":"https:\/\/laviniabeautyhouse.com\/index.php\/wp-json\/wp\/v2\/types\/page"}],"author":[{"embeddable":true,"href":"https:\/\/laviniabeautyhouse.com\/index.php\/wp-json\/wp\/v2\/users\/1"}],"replies":[{"embeddable":true,"href":"https:\/\/laviniabeautyhouse.com\/index.php\/wp-json\/wp\/v2\/comments?post=17"}],"version-history":[{"count":10,"href":"https:\/\/laviniabeautyhouse.com\/index.php\/wp-json\/wp\/v2\/pages\/17\/revisions"}],"predecessor-version":[{"id":114,"href":"https:\/\/laviniabeautyhouse.com\/index.php\/wp-json\/wp\/v2\/pages\/17\/revisions\/114"}],"wp:attachment":[{"href":"https:\/\/laviniabeautyhouse.com\/index.php\/wp-json\/wp\/v2\/media?parent=17"}],"curies":[{"name":"wp","href":"https:\/\/api.w.org\/{rel}","templated":true}]}}